{"id":728,"date":"2025-04-01T00:00:57","date_gmt":"2025-03-31T23:00:57","guid":{"rendered":"https:\/\/igaming.wearemanyfold.com\/?page_id=728"},"modified":"2025-07-28T12:24:27","modified_gmt":"2025-07-28T11:24:27","slug":"termos-condicoes","status":"publish","type":"page","link":"https:\/\/visitbraga.travel\/es\/termos-condicoes\/","title":{"rendered":"Condiciones generales"},"content":{"rendered":"<p>Consulte los T\u00e9rminos y Condiciones de Visit Braga para conocer las normas de uso de la plataforma y sus derechos como usuario.<\/p>","protected":false},"excerpt":{"rendered":"<p>Consulte los T\u00e9rminos y Condiciones de Visit Braga para conocer las normas de uso de la plataforma y sus derechos como usuario.<\/p>","protected":false},"author":3,"featured_media":0,"parent":0,"menu_order":9999,"comment_status":"closed","ping_status":"closed","template":"","meta":{"_acf_changed":false,"inline_featured_image":false,"footnotes":""},"class_list":["post-728","page","type-page","status-publish","hentry"],"acf":[],"yoast_head":"<!-- This site is optimized with the Yoast SEO plugin v27.4 - https:\/\/yoast.com\/product\/yoast-seo-wordpress\/ -->\n<title>Termos e Condi\u00e7\u00f5es | Visit Braga<\/title>\n<meta name=\"description\" content=\"Consulte os Termos e Condi\u00e7\u00f5es do Visit Braga para conhecer as regras de utiliza\u00e7\u00e3o da plataforma e os seus direitos enquanto utilizador.\" \/>\n<meta name=\"robots\" content=\"index, follow, max-snippet:-1, max-image-preview:large, max-video-preview:-1\" \/>\n<link rel=\"canonical\" href=\"https:\/\/visitbraga.travel\/es\/termos-condicoes\/\" \/>\n<meta property=\"og:locale\" content=\"es_ES\" \/>\n<meta property=\"og:type\" content=\"article\" \/>\n<meta property=\"og:title\" content=\"Termos e Condi\u00e7\u00f5es | Visit Braga\" \/>\n<meta property=\"og:description\" content=\"Consulte os Termos e Condi\u00e7\u00f5es do Visit Braga para conhecer as regras de utiliza\u00e7\u00e3o da plataforma e os seus direitos enquanto utilizador.\" \/>\n<meta property=\"og:url\" content=\"https:\/\/visitbraga.travel\/es\/termos-condicoes\/\" \/>\n<meta property=\"og:site_name\" content=\"Visit Braga\" \/>\n<meta property=\"article:publisher\" content=\"https:\/\/www.facebook.com\/visitbraga.travel\/\" \/>\n<meta property=\"article:modified_time\" content=\"2025-07-28T11:24:27+00:00\" \/>\n<meta property=\"og:image\" content=\"https:\/\/visitbraga.travel\/wp-content\/uploads\/2025\/05\/visit-braga.jpg\" \/>\n\t<meta property=\"og:image:width\" content=\"2400\" \/>\n\t<meta property=\"og:image:height\" content=\"1256\" \/>\n\t<meta property=\"og:image:type\" content=\"image\/jpeg\" \/>\n<meta name=\"twitter:card\" content=\"summary_large_image\" \/>\n<meta name=\"twitter:site\" content=\"@VisitBraga\" \/>\n<meta name=\"twitter:label1\" content=\"Tiempo de lectura\" \/>\n\t<meta name=\"twitter:data1\" content=\"3 minutos\" \/>\n<script type=\"application\/ld+json\" class=\"yoast-schema-graph\">{\"@context\":\"https:\\\/\\\/schema.org\",\"@graph\":[{\"@type\":\"WebPage\",\"@id\":\"https:\\\/\\\/visitbraga.travel\\\/termos-condicoes\\\/\",\"url\":\"https:\\\/\\\/visitbraga.travel\\\/termos-condicoes\\\/\",\"name\":\"Termos e Condi\u00e7\u00f5es | Visit Braga\",\"isPartOf\":{\"@id\":\"https:\\\/\\\/visitbraga.travel\\\/#website\"},\"datePublished\":\"2025-03-31T23:00:57+00:00\",\"dateModified\":\"2025-07-28T11:24:27+00:00\",\"description\":\"Consulte os Termos e Condi\u00e7\u00f5es do Visit Braga para conhecer as regras de utiliza\u00e7\u00e3o da plataforma e os seus direitos enquanto utilizador.\",\"inLanguage\":\"es\",\"potentialAction\":[{\"@type\":\"ReadAction\",\"target\":[\"https:\\\/\\\/visitbraga.travel\\\/termos-condicoes\\\/\"]}]},{\"@type\":\"WebSite\",\"@id\":\"https:\\\/\\\/visitbraga.travel\\\/#website\",\"url\":\"https:\\\/\\\/visitbraga.travel\\\/\",\"name\":\"Visit Braga\",\"description\":\"Turismo Braga | Site Oficial de Braga\",\"publisher\":{\"@id\":\"https:\\\/\\\/visitbraga.travel\\\/#organization\"},\"potentialAction\":[{\"@type\":\"SearchAction\",\"target\":{\"@type\":\"EntryPoint\",\"urlTemplate\":\"https:\\\/\\\/visitbraga.travel\\\/?s={search_term_string}\"},\"query-input\":{\"@type\":\"PropertyValueSpecification\",\"valueRequired\":true,\"valueName\":\"search_term_string\"}}],\"inLanguage\":\"es\"},{\"@type\":\"Organization\",\"@id\":\"https:\\\/\\\/visitbraga.travel\\\/#organization\",\"name\":\"Visit Braga\",\"url\":\"https:\\\/\\\/visitbraga.travel\\\/\",\"logo\":{\"@type\":\"ImageObject\",\"inLanguage\":\"es\",\"@id\":\"https:\\\/\\\/visitbraga.travel\\\/#\\\/schema\\\/logo\\\/image\\\/\",\"url\":\"https:\\\/\\\/visitbraga.travel\\\/wp-content\\\/uploads\\\/2025\\\/05\\\/visit-braga.jpg\",\"contentUrl\":\"https:\\\/\\\/visitbraga.travel\\\/wp-content\\\/uploads\\\/2025\\\/05\\\/visit-braga.jpg\",\"width\":2400,\"height\":1256,\"caption\":\"Visit Braga\"},\"image\":{\"@id\":\"https:\\\/\\\/visitbraga.travel\\\/#\\\/schema\\\/logo\\\/image\\\/\"},\"sameAs\":[\"https:\\\/\\\/www.facebook.com\\\/visitbraga.travel\\\/\",\"https:\\\/\\\/x.com\\\/VisitBraga\"]}]}<\/script>\n<!-- \/ Yoast SEO plugin. -->","yoast_head_json":{"title":"Termos e Condi\u00e7\u00f5es | Visit Braga","description":"Consulte los T\u00e9rminos y Condiciones de Visit Braga para conocer las normas de uso de la plataforma y sus derechos como usuario.","robots":{"index":"index","follow":"follow","max-snippet":"max-snippet:-1","max-image-preview":"max-image-preview:large","max-video-preview":"max-video-preview:-1"},"canonical":"https:\/\/visitbraga.travel\/es\/termos-condicoes\/","og_locale":"es_ES","og_type":"article","og_title":"Termos e Condi\u00e7\u00f5es | Visit Braga","og_description":"Consulte os Termos e Condi\u00e7\u00f5es do Visit Braga para conhecer as regras de utiliza\u00e7\u00e3o da plataforma e os seus direitos enquanto utilizador.","og_url":"https:\/\/visitbraga.travel\/es\/termos-condicoes\/","og_site_name":"Visit Braga","article_publisher":"https:\/\/www.facebook.com\/visitbraga.travel\/","article_modified_time":"2025-07-28T11:24:27+00:00","og_image":[{"width":2400,"height":1256,"url":"https:\/\/visitbraga.travel\/wp-content\/uploads\/2025\/05\/visit-braga.jpg","type":"image\/jpeg"}],"twitter_card":"summary_large_image","twitter_site":"@VisitBraga","twitter_misc":{"Tiempo de lectura":"3 minutos"},"schema":{"@context":"https:\/\/schema.org","@graph":[{"@type":"WebPage","@id":"https:\/\/visitbraga.travel\/termos-condicoes\/","url":"https:\/\/visitbraga.travel\/termos-condicoes\/","name":"Termos e Condi\u00e7\u00f5es | Visit Braga","isPartOf":{"@id":"https:\/\/visitbraga.travel\/#website"},"datePublished":"2025-03-31T23:00:57+00:00","dateModified":"2025-07-28T11:24:27+00:00","description":"Consulte los T\u00e9rminos y Condiciones de Visit Braga para conocer las normas de uso de la plataforma y sus derechos como usuario.","inLanguage":"es","potentialAction":[{"@type":"ReadAction","target":["https:\/\/visitbraga.travel\/termos-condicoes\/"]}]},{"@type":"WebSite","@id":"https:\/\/visitbraga.travel\/#website","url":"https:\/\/visitbraga.travel\/","name":"Visitar Braga","description":"Turismo Braga | Site Oficial de Braga","publisher":{"@id":"https:\/\/visitbraga.travel\/#organization"},"potentialAction":[{"@type":"SearchAction","target":{"@type":"EntryPoint","urlTemplate":"https:\/\/visitbraga.travel\/?s={search_term_string}"},"query-input":{"@type":"PropertyValueSpecification","valueRequired":true,"valueName":"search_term_string"}}],"inLanguage":"es"},{"@type":"Organization","@id":"https:\/\/visitbraga.travel\/#organization","name":"Visitar Braga","url":"https:\/\/visitbraga.travel\/","logo":{"@type":"ImageObject","inLanguage":"es","@id":"https:\/\/visitbraga.travel\/#\/schema\/logo\/image\/","url":"https:\/\/visitbraga.travel\/wp-content\/uploads\/2025\/05\/visit-braga.jpg","contentUrl":"https:\/\/visitbraga.travel\/wp-content\/uploads\/2025\/05\/visit-braga.jpg","width":2400,"height":1256,"caption":"Visit Braga"},"image":{"@id":"https:\/\/visitbraga.travel\/#\/schema\/logo\/image\/"},"sameAs":["https:\/\/www.facebook.com\/visitbraga.travel\/","https:\/\/x.com\/VisitBraga"]}]}},"_links":{"self":[{"href":"https:\/\/visitbraga.travel\/es\/wp-json\/wp\/v2\/pages\/728","targetHints":{"allow":["GET"]}}],"collection":[{"href":"https:\/\/visitbraga.travel\/es\/wp-json\/wp\/v2\/pages"}],"about":[{"href":"https:\/\/visitbraga.travel\/es\/wp-json\/wp\/v2\/types\/page"}],"author":[{"embeddable":true,"href":"https:\/\/visitbraga.travel\/es\/wp-json\/wp\/v2\/users\/3"}],"replies":[{"embeddable":true,"href":"https:\/\/visitbraga.travel\/es\/wp-json\/wp\/v2\/comments?post=728"}],"version-history":[{"count":0,"href":"https:\/\/visitbraga.travel\/es\/wp-json\/wp\/v2\/pages\/728\/revisions"}],"wp:attachment":[{"href":"https:\/\/visitbraga.travel\/es\/wp-json\/wp\/v2\/media?parent=728"}],"curies":[{"name":"wp","href":"https:\/\/api.w.org\/{rel}","templated":true}]}}