{"id":10217,"date":"2025-07-25T17:58:45","date_gmt":"2025-07-25T16:58:45","guid":{"rendered":"https:\/\/visitbraga.travel\/?page_id=10217"},"modified":"2025-07-28T12:00:18","modified_gmt":"2025-07-28T11:00:18","slug":"zonas-de-restauracao","status":"publish","type":"page","link":"https:\/\/visitbraga.travel\/fr\/o-que-comer\/zonas-de-restauracao\/","title":{"rendered":"Espaces de restauration"},"content":{"rendered":"<p>Que pr\u00e9f\u00e9rez-vous aujourd'hui : un cocktail, un snack ou un plat fusion ? Braga compte plusieurs quartiers qui vous invitent \u00e0 vous asseoir, \u00e0 grignoter et \u00e0 trinquer. Du centre historique aux avenues les plus modernes, entre les toits, les terrasses et les tavernes pleines d'\u00e2me, d\u00e9couvrez les bons endroits pour bien manger, mieux boire et profiter de l'atmosph\u00e8re de chaque quartier.<\/p>","protected":false},"excerpt":{"rendered":"<p>O que vai preferir hoje: um cocktail, um petisco, um prato de fus\u00e3o? Braga tem v\u00e1rias zonas que convidam a sentar, petiscar e brindar. Do centro hist\u00f3rico \u00e0s&#8230;<\/p>","protected":false},"author":3,"featured_media":0,"parent":5272,"menu_order":0,"comment_status":"closed","ping_status":"closed","template":"","meta":{"_acf_changed":false,"inline_featured_image":false,"footnotes":""},"class_list":["post-10217","page","type-page","status-publish","hentry"],"acf":[],"yoast_head":"<!-- This site is optimized with the Yoast SEO plugin v27.4 - https:\/\/yoast.com\/product\/yoast-seo-wordpress\/ -->\n<title>Zonas de Restaura\u00e7\u00e3o | Visit Braga<\/title>\n<meta name=\"description\" content=\"O que vai preferir hoje: um cocktail, um petisco, um prato de fus\u00e3o? Braga tem v\u00e1rias zonas que convidam a sentar, petiscar e brindar. Do centro hist\u00f3rico\" \/>\n<meta name=\"robots\" content=\"index, follow, max-snippet:-1, max-image-preview:large, max-video-preview:-1\" \/>\n<link rel=\"canonical\" href=\"https:\/\/visitbraga.travel\/fr\/o-que-comer\/zonas-de-restauracao\/\" \/>\n<meta property=\"og:locale\" content=\"fr_FR\" \/>\n<meta property=\"og:type\" content=\"article\" \/>\n<meta property=\"og:title\" content=\"Zonas de Restaura\u00e7\u00e3o | Visit Braga\" \/>\n<meta property=\"og:description\" content=\"O que vai preferir hoje: um cocktail, um petisco, um prato de fus\u00e3o? Braga tem v\u00e1rias zonas que convidam a sentar, petiscar e brindar. Do centro hist\u00f3rico\" \/>\n<meta property=\"og:url\" content=\"https:\/\/visitbraga.travel\/fr\/o-que-comer\/zonas-de-restauracao\/\" \/>\n<meta property=\"og:site_name\" content=\"Visit Braga\" \/>\n<meta property=\"article:publisher\" content=\"https:\/\/www.facebook.com\/visitbraga.travel\/\" \/>\n<meta property=\"article:modified_time\" content=\"2025-07-28T11:00:18+00:00\" \/>\n<meta property=\"og:image\" content=\"https:\/\/visitbraga.travel\/wp-content\/uploads\/2025\/05\/visit-braga.jpg\" \/>\n\t<meta property=\"og:image:width\" content=\"2400\" \/>\n\t<meta property=\"og:image:height\" content=\"1256\" \/>\n\t<meta property=\"og:image:type\" content=\"image\/jpeg\" \/>\n<meta name=\"twitter:card\" content=\"summary_large_image\" \/>\n<meta name=\"twitter:site\" content=\"@VisitBraga\" \/>\n<meta name=\"twitter:label1\" content=\"Dur\u00e9e de lecture estim\u00e9e\" \/>\n\t<meta name=\"twitter:data1\" content=\"4 minutes\" \/>\n<script type=\"application\/ld+json\" class=\"yoast-schema-graph\">{\"@context\":\"https:\\\/\\\/schema.org\",\"@graph\":[{\"@type\":\"WebPage\",\"@id\":\"https:\\\/\\\/visitbraga.travel\\\/o-que-comer\\\/zonas-de-restauracao\\\/\",\"url\":\"https:\\\/\\\/visitbraga.travel\\\/o-que-comer\\\/zonas-de-restauracao\\\/\",\"name\":\"Zonas de Restaura\u00e7\u00e3o | Visit Braga\",\"isPartOf\":{\"@id\":\"https:\\\/\\\/visitbraga.travel\\\/#website\"},\"datePublished\":\"2025-07-25T16:58:45+00:00\",\"dateModified\":\"2025-07-28T11:00:18+00:00\",\"description\":\"O que vai preferir hoje: um cocktail, um petisco, um prato de fus\u00e3o? Braga tem v\u00e1rias zonas que convidam a sentar, petiscar e brindar. Do centro hist\u00f3rico\",\"breadcrumb\":{\"@id\":\"https:\\\/\\\/visitbraga.travel\\\/o-que-comer\\\/zonas-de-restauracao\\\/#breadcrumb\"},\"inLanguage\":\"fr-FR\",\"potentialAction\":[{\"@type\":\"ReadAction\",\"target\":[\"https:\\\/\\\/visitbraga.travel\\\/o-que-comer\\\/zonas-de-restauracao\\\/\"]}]},{\"@type\":\"BreadcrumbList\",\"@id\":\"https:\\\/\\\/visitbraga.travel\\\/o-que-comer\\\/zonas-de-restauracao\\\/#breadcrumb\",\"itemListElement\":[{\"@type\":\"ListItem\",\"position\":1,\"name\":\"O Que Comer\",\"item\":\"https:\\\/\\\/visitbraga.travel\\\/o-que-comer\\\/\"},{\"@type\":\"ListItem\",\"position\":2,\"name\":\"Zonas de Restaura\u00e7\u00e3o\"}]},{\"@type\":\"WebSite\",\"@id\":\"https:\\\/\\\/visitbraga.travel\\\/#website\",\"url\":\"https:\\\/\\\/visitbraga.travel\\\/\",\"name\":\"Visit Braga\",\"description\":\"Turismo Braga | Site Oficial de Braga\",\"publisher\":{\"@id\":\"https:\\\/\\\/visitbraga.travel\\\/#organization\"},\"potentialAction\":[{\"@type\":\"SearchAction\",\"target\":{\"@type\":\"EntryPoint\",\"urlTemplate\":\"https:\\\/\\\/visitbraga.travel\\\/?s={search_term_string}\"},\"query-input\":{\"@type\":\"PropertyValueSpecification\",\"valueRequired\":true,\"valueName\":\"search_term_string\"}}],\"inLanguage\":\"fr-FR\"},{\"@type\":\"Organization\",\"@id\":\"https:\\\/\\\/visitbraga.travel\\\/#organization\",\"name\":\"Visit Braga\",\"url\":\"https:\\\/\\\/visitbraga.travel\\\/\",\"logo\":{\"@type\":\"ImageObject\",\"inLanguage\":\"fr-FR\",\"@id\":\"https:\\\/\\\/visitbraga.travel\\\/#\\\/schema\\\/logo\\\/image\\\/\",\"url\":\"https:\\\/\\\/visitbraga.travel\\\/wp-content\\\/uploads\\\/2025\\\/05\\\/visit-braga.jpg\",\"contentUrl\":\"https:\\\/\\\/visitbraga.travel\\\/wp-content\\\/uploads\\\/2025\\\/05\\\/visit-braga.jpg\",\"width\":2400,\"height\":1256,\"caption\":\"Visit Braga\"},\"image\":{\"@id\":\"https:\\\/\\\/visitbraga.travel\\\/#\\\/schema\\\/logo\\\/image\\\/\"},\"sameAs\":[\"https:\\\/\\\/www.facebook.com\\\/visitbraga.travel\\\/\",\"https:\\\/\\\/x.com\\\/VisitBraga\"]}]}<\/script>\n<!-- \/ Yoast SEO plugin. -->","yoast_head_json":{"title":"Zonas de Restaura\u00e7\u00e3o | Visit Braga","description":"O que vai preferir hoje: um cocktail, um petisco, um prato de fus\u00e3o? Braga tem v\u00e1rias zonas que convidam a sentar, petiscar e brindar. Do centro hist\u00f3rico","robots":{"index":"index","follow":"follow","max-snippet":"max-snippet:-1","max-image-preview":"max-image-preview:large","max-video-preview":"max-video-preview:-1"},"canonical":"https:\/\/visitbraga.travel\/fr\/o-que-comer\/zonas-de-restauracao\/","og_locale":"fr_FR","og_type":"article","og_title":"Zonas de Restaura\u00e7\u00e3o | Visit Braga","og_description":"O que vai preferir hoje: um cocktail, um petisco, um prato de fus\u00e3o? Braga tem v\u00e1rias zonas que convidam a sentar, petiscar e brindar. Do centro hist\u00f3rico","og_url":"https:\/\/visitbraga.travel\/fr\/o-que-comer\/zonas-de-restauracao\/","og_site_name":"Visit Braga","article_publisher":"https:\/\/www.facebook.com\/visitbraga.travel\/","article_modified_time":"2025-07-28T11:00:18+00:00","og_image":[{"width":2400,"height":1256,"url":"https:\/\/visitbraga.travel\/wp-content\/uploads\/2025\/05\/visit-braga.jpg","type":"image\/jpeg"}],"twitter_card":"summary_large_image","twitter_site":"@VisitBraga","twitter_misc":{"Dur\u00e9e de lecture estim\u00e9e":"4 minutes"},"schema":{"@context":"https:\/\/schema.org","@graph":[{"@type":"WebPage","@id":"https:\/\/visitbraga.travel\/o-que-comer\/zonas-de-restauracao\/","url":"https:\/\/visitbraga.travel\/o-que-comer\/zonas-de-restauracao\/","name":"Zonas de Restaura\u00e7\u00e3o | Visit Braga","isPartOf":{"@id":"https:\/\/visitbraga.travel\/#website"},"datePublished":"2025-07-25T16:58:45+00:00","dateModified":"2025-07-28T11:00:18+00:00","description":"O que vai preferir hoje: um cocktail, um petisco, um prato de fus\u00e3o? Braga tem v\u00e1rias zonas que convidam a sentar, petiscar e brindar. Do centro hist\u00f3rico","breadcrumb":{"@id":"https:\/\/visitbraga.travel\/o-que-comer\/zonas-de-restauracao\/#breadcrumb"},"inLanguage":"fr-FR","potentialAction":[{"@type":"ReadAction","target":["https:\/\/visitbraga.travel\/o-que-comer\/zonas-de-restauracao\/"]}]},{"@type":"BreadcrumbList","@id":"https:\/\/visitbraga.travel\/o-que-comer\/zonas-de-restauracao\/#breadcrumb","itemListElement":[{"@type":"ListItem","position":1,"name":"O Que Comer","item":"https:\/\/visitbraga.travel\/o-que-comer\/"},{"@type":"ListItem","position":2,"name":"Zonas de Restaura\u00e7\u00e3o"}]},{"@type":"WebSite","@id":"https:\/\/visitbraga.travel\/#website","url":"https:\/\/visitbraga.travel\/","name":"Visiter Braga","description":"Turismo Braga | Site Oficial de Braga","publisher":{"@id":"https:\/\/visitbraga.travel\/#organization"},"potentialAction":[{"@type":"SearchAction","target":{"@type":"EntryPoint","urlTemplate":"https:\/\/visitbraga.travel\/?s={search_term_string}"},"query-input":{"@type":"PropertyValueSpecification","valueRequired":true,"valueName":"search_term_string"}}],"inLanguage":"fr-FR"},{"@type":"Organization","@id":"https:\/\/visitbraga.travel\/#organization","name":"Visiter Braga","url":"https:\/\/visitbraga.travel\/","logo":{"@type":"ImageObject","inLanguage":"fr-FR","@id":"https:\/\/visitbraga.travel\/#\/schema\/logo\/image\/","url":"https:\/\/visitbraga.travel\/wp-content\/uploads\/2025\/05\/visit-braga.jpg","contentUrl":"https:\/\/visitbraga.travel\/wp-content\/uploads\/2025\/05\/visit-braga.jpg","width":2400,"height":1256,"caption":"Visit Braga"},"image":{"@id":"https:\/\/visitbraga.travel\/#\/schema\/logo\/image\/"},"sameAs":["https:\/\/www.facebook.com\/visitbraga.travel\/","https:\/\/x.com\/VisitBraga"]}]}},"_links":{"self":[{"href":"https:\/\/visitbraga.travel\/fr\/wp-json\/wp\/v2\/pages\/10217","targetHints":{"allow":["GET"]}}],"collection":[{"href":"https:\/\/visitbraga.travel\/fr\/wp-json\/wp\/v2\/pages"}],"about":[{"href":"https:\/\/visitbraga.travel\/fr\/wp-json\/wp\/v2\/types\/page"}],"author":[{"embeddable":true,"href":"https:\/\/visitbraga.travel\/fr\/wp-json\/wp\/v2\/users\/3"}],"replies":[{"embeddable":true,"href":"https:\/\/visitbraga.travel\/fr\/wp-json\/wp\/v2\/comments?post=10217"}],"version-history":[{"count":0,"href":"https:\/\/visitbraga.travel\/fr\/wp-json\/wp\/v2\/pages\/10217\/revisions"}],"up":[{"embeddable":true,"href":"https:\/\/visitbraga.travel\/fr\/wp-json\/wp\/v2\/pages\/5272"}],"wp:attachment":[{"href":"https:\/\/visitbraga.travel\/fr\/wp-json\/wp\/v2\/media?parent=10217"}],"curies":[{"name":"wp","href":"https:\/\/api.w.org\/{rel}","templated":true}]}}