{"id":5355,"date":"2025-04-01T00:00:13","date_gmt":"2025-03-31T23:00:13","guid":{"rendered":"https:\/\/visitbraga.travel\/?page_id=5355"},"modified":"2025-07-07T15:36:12","modified_gmt":"2025-07-07T14:36:12","slug":"agenda-braga","status":"publish","type":"page","link":"https:\/\/visitbraga.travel\/fr\/agenda-braga\/","title":{"rendered":"Agenda de Braga"},"content":{"rendered":"<p>D\u00e9couvrez une ville o\u00f9 tradition et innovation se croisent \u00e0 chaque instant.<br \/>\nDes monuments centenaires aux espaces les plus avant-gardistes, Braga ressemble \u00e0 l'avenir et \u00e0 un endroit tr\u00e8s int\u00e9ressant \u00e0 visiter. Toujours.<\/p>","protected":false},"excerpt":{"rendered":"<p>Descubra uma cidade onde a tradi\u00e7\u00e3o e a inova\u00e7\u00e3o se cruzam a cada esquina. Dos monumentos seculares aos espa\u00e7os mais vanguardistas, Braga soa a futuro e a uma&#8230;<\/p>","protected":false},"author":3,"featured_media":6330,"parent":0,"menu_order":11,"comment_status":"closed","ping_status":"closed","template":"page-agenda.php","meta":{"_acf_changed":false,"inline_featured_image":false,"footnotes":""},"class_list":["post-5355","page","type-page","status-publish","has-post-thumbnail","hentry"],"acf":[],"yoast_head":"<!-- This site is optimized with the Yoast SEO plugin v27.4 - https:\/\/yoast.com\/product\/yoast-seo-wordpress\/ -->\n<title>Agenda Braga | Visit Braga<\/title>\n<meta name=\"description\" content=\"Dos monumentos seculares aos espa\u00e7os mais vanguardistas, descubra uma cidade onde a tradi\u00e7\u00e3o e a inova\u00e7\u00e3o se cruzam a cada esquina.\" \/>\n<meta name=\"robots\" content=\"index, follow, max-snippet:-1, max-image-preview:large, max-video-preview:-1\" \/>\n<link rel=\"canonical\" href=\"https:\/\/visitbraga.travel\/fr\/agenda-braga\/\" \/>\n<meta property=\"og:locale\" content=\"fr_FR\" \/>\n<meta property=\"og:type\" content=\"article\" \/>\n<meta property=\"og:title\" content=\"Agenda Braga | Visit Braga\" \/>\n<meta property=\"og:description\" content=\"Dos monumentos seculares aos espa\u00e7os mais vanguardistas, descubra uma cidade onde a tradi\u00e7\u00e3o e a inova\u00e7\u00e3o se cruzam a cada esquina.\" \/>\n<meta property=\"og:url\" content=\"https:\/\/visitbraga.travel\/fr\/agenda-braga\/\" \/>\n<meta property=\"og:site_name\" content=\"Visit Braga\" \/>\n<meta property=\"article:publisher\" content=\"https:\/\/www.facebook.com\/visitbraga.travel\/\" \/>\n<meta property=\"article:modified_time\" content=\"2025-07-07T14:36:12+00:00\" \/>\n<meta property=\"og:image\" content=\"https:\/\/visitbraga.travel\/wp-content\/uploads\/2025\/06\/braga-cidade_01.jpg\" \/>\n\t<meta property=\"og:image:width\" content=\"1412\" \/>\n\t<meta property=\"og:image:height\" content=\"789\" \/>\n\t<meta property=\"og:image:type\" content=\"image\/jpeg\" \/>\n<meta name=\"twitter:card\" content=\"summary_large_image\" \/>\n<meta name=\"twitter:site\" content=\"@VisitBraga\" \/>\n<meta name=\"twitter:label1\" content=\"Dur\u00e9e de lecture estim\u00e9e\" \/>\n\t<meta name=\"twitter:data1\" content=\"1 minute\" \/>\n<script type=\"application\/ld+json\" class=\"yoast-schema-graph\">{\"@context\":\"https:\\\/\\\/schema.org\",\"@graph\":[{\"@type\":\"WebPage\",\"@id\":\"https:\\\/\\\/visitbraga.travel\\\/agenda-braga\\\/\",\"url\":\"https:\\\/\\\/visitbraga.travel\\\/agenda-braga\\\/\",\"name\":\"Agenda Braga | Visit Braga\",\"isPartOf\":{\"@id\":\"https:\\\/\\\/visitbraga.travel\\\/#website\"},\"primaryImageOfPage\":{\"@id\":\"https:\\\/\\\/visitbraga.travel\\\/agenda-braga\\\/#primaryimage\"},\"image\":{\"@id\":\"https:\\\/\\\/visitbraga.travel\\\/agenda-braga\\\/#primaryimage\"},\"thumbnailUrl\":\"https:\\\/\\\/visitbraga.travel\\\/wp-content\\\/uploads\\\/2025\\\/06\\\/braga-cidade_01.jpg\",\"datePublished\":\"2025-03-31T23:00:13+00:00\",\"dateModified\":\"2025-07-07T14:36:12+00:00\",\"description\":\"Dos monumentos seculares aos espa\u00e7os mais vanguardistas, descubra uma cidade onde a tradi\u00e7\u00e3o e a inova\u00e7\u00e3o se cruzam a cada esquina.\",\"inLanguage\":\"fr-FR\",\"potentialAction\":[{\"@type\":\"ReadAction\",\"target\":[\"https:\\\/\\\/visitbraga.travel\\\/agenda-braga\\\/\"]}]},{\"@type\":\"ImageObject\",\"inLanguage\":\"fr-FR\",\"@id\":\"https:\\\/\\\/visitbraga.travel\\\/agenda-braga\\\/#primaryimage\",\"url\":\"https:\\\/\\\/visitbraga.travel\\\/wp-content\\\/uploads\\\/2025\\\/06\\\/braga-cidade_01.jpg\",\"contentUrl\":\"https:\\\/\\\/visitbraga.travel\\\/wp-content\\\/uploads\\\/2025\\\/06\\\/braga-cidade_01.jpg\",\"width\":1412,\"height\":789},{\"@type\":\"WebSite\",\"@id\":\"https:\\\/\\\/visitbraga.travel\\\/#website\",\"url\":\"https:\\\/\\\/visitbraga.travel\\\/\",\"name\":\"Visit Braga\",\"description\":\"Turismo Braga | Site Oficial de Braga\",\"publisher\":{\"@id\":\"https:\\\/\\\/visitbraga.travel\\\/#organization\"},\"potentialAction\":[{\"@type\":\"SearchAction\",\"target\":{\"@type\":\"EntryPoint\",\"urlTemplate\":\"https:\\\/\\\/visitbraga.travel\\\/?s={search_term_string}\"},\"query-input\":{\"@type\":\"PropertyValueSpecification\",\"valueRequired\":true,\"valueName\":\"search_term_string\"}}],\"inLanguage\":\"fr-FR\"},{\"@type\":\"Organization\",\"@id\":\"https:\\\/\\\/visitbraga.travel\\\/#organization\",\"name\":\"Visit Braga\",\"url\":\"https:\\\/\\\/visitbraga.travel\\\/\",\"logo\":{\"@type\":\"ImageObject\",\"inLanguage\":\"fr-FR\",\"@id\":\"https:\\\/\\\/visitbraga.travel\\\/#\\\/schema\\\/logo\\\/image\\\/\",\"url\":\"https:\\\/\\\/visitbraga.travel\\\/wp-content\\\/uploads\\\/2025\\\/05\\\/visit-braga.jpg\",\"contentUrl\":\"https:\\\/\\\/visitbraga.travel\\\/wp-content\\\/uploads\\\/2025\\\/05\\\/visit-braga.jpg\",\"width\":2400,\"height\":1256,\"caption\":\"Visit Braga\"},\"image\":{\"@id\":\"https:\\\/\\\/visitbraga.travel\\\/#\\\/schema\\\/logo\\\/image\\\/\"},\"sameAs\":[\"https:\\\/\\\/www.facebook.com\\\/visitbraga.travel\\\/\",\"https:\\\/\\\/x.com\\\/VisitBraga\"]}]}<\/script>\n<!-- \/ Yoast SEO plugin. -->","yoast_head_json":{"title":"Agenda Braga | Visit Braga","description":"Dos monumentos seculares aos espa\u00e7os mais vanguardistas, descubra uma cidade onde a tradi\u00e7\u00e3o e a inova\u00e7\u00e3o se cruzam a cada esquina.","robots":{"index":"index","follow":"follow","max-snippet":"max-snippet:-1","max-image-preview":"max-image-preview:large","max-video-preview":"max-video-preview:-1"},"canonical":"https:\/\/visitbraga.travel\/fr\/agenda-braga\/","og_locale":"fr_FR","og_type":"article","og_title":"Agenda Braga | Visit Braga","og_description":"Dos monumentos seculares aos espa\u00e7os mais vanguardistas, descubra uma cidade onde a tradi\u00e7\u00e3o e a inova\u00e7\u00e3o se cruzam a cada esquina.","og_url":"https:\/\/visitbraga.travel\/fr\/agenda-braga\/","og_site_name":"Visit Braga","article_publisher":"https:\/\/www.facebook.com\/visitbraga.travel\/","article_modified_time":"2025-07-07T14:36:12+00:00","og_image":[{"width":1412,"height":789,"url":"https:\/\/visitbraga.travel\/wp-content\/uploads\/2025\/06\/braga-cidade_01.jpg","type":"image\/jpeg"}],"twitter_card":"summary_large_image","twitter_site":"@VisitBraga","twitter_misc":{"Dur\u00e9e de lecture estim\u00e9e":"1 minute"},"schema":{"@context":"https:\/\/schema.org","@graph":[{"@type":"WebPage","@id":"https:\/\/visitbraga.travel\/agenda-braga\/","url":"https:\/\/visitbraga.travel\/agenda-braga\/","name":"Agenda Braga | Visit Braga","isPartOf":{"@id":"https:\/\/visitbraga.travel\/#website"},"primaryImageOfPage":{"@id":"https:\/\/visitbraga.travel\/agenda-braga\/#primaryimage"},"image":{"@id":"https:\/\/visitbraga.travel\/agenda-braga\/#primaryimage"},"thumbnailUrl":"https:\/\/visitbraga.travel\/wp-content\/uploads\/2025\/06\/braga-cidade_01.jpg","datePublished":"2025-03-31T23:00:13+00:00","dateModified":"2025-07-07T14:36:12+00:00","description":"Dos monumentos seculares aos espa\u00e7os mais vanguardistas, descubra uma cidade onde a tradi\u00e7\u00e3o e a inova\u00e7\u00e3o se cruzam a cada esquina.","inLanguage":"fr-FR","potentialAction":[{"@type":"ReadAction","target":["https:\/\/visitbraga.travel\/agenda-braga\/"]}]},{"@type":"ImageObject","inLanguage":"fr-FR","@id":"https:\/\/visitbraga.travel\/agenda-braga\/#primaryimage","url":"https:\/\/visitbraga.travel\/wp-content\/uploads\/2025\/06\/braga-cidade_01.jpg","contentUrl":"https:\/\/visitbraga.travel\/wp-content\/uploads\/2025\/06\/braga-cidade_01.jpg","width":1412,"height":789},{"@type":"WebSite","@id":"https:\/\/visitbraga.travel\/#website","url":"https:\/\/visitbraga.travel\/","name":"Visiter Braga","description":"Turismo Braga | Site Oficial de Braga","publisher":{"@id":"https:\/\/visitbraga.travel\/#organization"},"potentialAction":[{"@type":"SearchAction","target":{"@type":"EntryPoint","urlTemplate":"https:\/\/visitbraga.travel\/?s={search_term_string}"},"query-input":{"@type":"PropertyValueSpecification","valueRequired":true,"valueName":"search_term_string"}}],"inLanguage":"fr-FR"},{"@type":"Organization","@id":"https:\/\/visitbraga.travel\/#organization","name":"Visiter Braga","url":"https:\/\/visitbraga.travel\/","logo":{"@type":"ImageObject","inLanguage":"fr-FR","@id":"https:\/\/visitbraga.travel\/#\/schema\/logo\/image\/","url":"https:\/\/visitbraga.travel\/wp-content\/uploads\/2025\/05\/visit-braga.jpg","contentUrl":"https:\/\/visitbraga.travel\/wp-content\/uploads\/2025\/05\/visit-braga.jpg","width":2400,"height":1256,"caption":"Visit Braga"},"image":{"@id":"https:\/\/visitbraga.travel\/#\/schema\/logo\/image\/"},"sameAs":["https:\/\/www.facebook.com\/visitbraga.travel\/","https:\/\/x.com\/VisitBraga"]}]}},"_links":{"self":[{"href":"https:\/\/visitbraga.travel\/fr\/wp-json\/wp\/v2\/pages\/5355","targetHints":{"allow":["GET"]}}],"collection":[{"href":"https:\/\/visitbraga.travel\/fr\/wp-json\/wp\/v2\/pages"}],"about":[{"href":"https:\/\/visitbraga.travel\/fr\/wp-json\/wp\/v2\/types\/page"}],"author":[{"embeddable":true,"href":"https:\/\/visitbraga.travel\/fr\/wp-json\/wp\/v2\/users\/3"}],"replies":[{"embeddable":true,"href":"https:\/\/visitbraga.travel\/fr\/wp-json\/wp\/v2\/comments?post=5355"}],"version-history":[{"count":0,"href":"https:\/\/visitbraga.travel\/fr\/wp-json\/wp\/v2\/pages\/5355\/revisions"}],"wp:featuredmedia":[{"embeddable":true,"href":"https:\/\/visitbraga.travel\/fr\/wp-json\/wp\/v2\/media\/6330"}],"wp:attachment":[{"href":"https:\/\/visitbraga.travel\/fr\/wp-json\/wp\/v2\/media?parent=5355"}],"curies":[{"name":"wp","href":"https:\/\/api.w.org\/{rel}","templated":true}]}}