{"id":5468,"date":"2025-04-01T00:00:49","date_gmt":"2025-03-31T23:00:49","guid":{"rendered":"https:\/\/visitbraga.travel\/?page_id=5468"},"modified":"2025-07-24T11:04:36","modified_gmt":"2025-07-24T10:04:36","slug":"favoritos","status":"publish","type":"page","link":"https:\/\/visitbraga.travel\/fr\/favoritos\/","title":{"rendered":"Favoris"},"content":{"rendered":"<p>Chaque moment pass\u00e9 \u00e0 Braga est l'occasion de d\u00e9couvrir quelque chose de nouveau. De la culture vibrante aux loisirs relaxants, trouvez des activit\u00e9s et des exp\u00e9riences qui rendront votre visite m\u00e9morable.<\/p>","protected":false},"excerpt":{"rendered":"<p>Chaque moment pass\u00e9 \u00e0 Braga est l'occasion de d\u00e9couvrir quelque chose de nouveau. De la culture vibrante aux loisirs relaxants, trouvez des activit\u00e9s et des exp\u00e9riences qui rendront votre visite m\u00e9morable.<\/p>","protected":false},"author":3,"featured_media":0,"parent":0,"menu_order":10,"comment_status":"closed","ping_status":"closed","template":"page-favorites.php","meta":{"_acf_changed":false,"inline_featured_image":false,"footnotes":""},"class_list":["post-5468","page","type-page","status-publish","hentry"],"acf":[],"yoast_head":"<!-- This site is optimized with the Yoast SEO plugin v27.4 - https:\/\/yoast.com\/product\/yoast-seo-wordpress\/ -->\n<title>Favoritos | Visit Braga<\/title>\n<meta name=\"description\" content=\"Guarde os seus locais e experi\u00eancias favoritas em Braga para organizar melhor a sua visita com a funcionalidade de Favoritos do Visit Braga.\" \/>\n<meta name=\"robots\" content=\"index, follow, max-snippet:-1, max-image-preview:large, max-video-preview:-1\" \/>\n<link rel=\"canonical\" href=\"https:\/\/visitbraga.travel\/fr\/favoritos\/\" \/>\n<meta property=\"og:locale\" content=\"fr_FR\" \/>\n<meta property=\"og:type\" content=\"article\" \/>\n<meta property=\"og:title\" content=\"Favoritos | Visit Braga\" \/>\n<meta property=\"og:description\" content=\"Guarde os seus locais e experi\u00eancias favoritas em Braga para organizar melhor a sua visita com a funcionalidade de Favoritos do Visit Braga.\" \/>\n<meta property=\"og:url\" content=\"https:\/\/visitbraga.travel\/fr\/favoritos\/\" \/>\n<meta property=\"og:site_name\" content=\"Visit Braga\" \/>\n<meta property=\"article:publisher\" content=\"https:\/\/www.facebook.com\/visitbraga.travel\/\" \/>\n<meta property=\"article:modified_time\" content=\"2025-07-24T10:04:36+00:00\" \/>\n<meta property=\"og:image\" content=\"https:\/\/visitbraga.travel\/wp-content\/uploads\/2025\/05\/visit-braga.jpg\" \/>\n\t<meta property=\"og:image:width\" content=\"2400\" \/>\n\t<meta property=\"og:image:height\" content=\"1256\" \/>\n\t<meta property=\"og:image:type\" content=\"image\/jpeg\" \/>\n<meta name=\"twitter:card\" content=\"summary_large_image\" \/>\n<meta name=\"twitter:site\" content=\"@VisitBraga\" \/>\n<meta name=\"twitter:label1\" content=\"Dur\u00e9e de lecture estim\u00e9e\" \/>\n\t<meta name=\"twitter:data1\" content=\"1 minute\" \/>\n<script type=\"application\/ld+json\" class=\"yoast-schema-graph\">{\"@context\":\"https:\\\/\\\/schema.org\",\"@graph\":[{\"@type\":\"WebPage\",\"@id\":\"https:\\\/\\\/visitbraga.travel\\\/favoritos\\\/\",\"url\":\"https:\\\/\\\/visitbraga.travel\\\/favoritos\\\/\",\"name\":\"Favoritos | Visit Braga\",\"isPartOf\":{\"@id\":\"https:\\\/\\\/visitbraga.travel\\\/#website\"},\"datePublished\":\"2025-03-31T23:00:49+00:00\",\"dateModified\":\"2025-07-24T10:04:36+00:00\",\"description\":\"Guarde os seus locais e experi\u00eancias favoritas em Braga para organizar melhor a sua visita com a funcionalidade de Favoritos do Visit Braga.\",\"inLanguage\":\"fr-FR\",\"potentialAction\":[{\"@type\":\"ReadAction\",\"target\":[\"https:\\\/\\\/visitbraga.travel\\\/favoritos\\\/\"]}]},{\"@type\":\"WebSite\",\"@id\":\"https:\\\/\\\/visitbraga.travel\\\/#website\",\"url\":\"https:\\\/\\\/visitbraga.travel\\\/\",\"name\":\"Visit Braga\",\"description\":\"Turismo Braga | Site Oficial de Braga\",\"publisher\":{\"@id\":\"https:\\\/\\\/visitbraga.travel\\\/#organization\"},\"potentialAction\":[{\"@type\":\"SearchAction\",\"target\":{\"@type\":\"EntryPoint\",\"urlTemplate\":\"https:\\\/\\\/visitbraga.travel\\\/?s={search_term_string}\"},\"query-input\":{\"@type\":\"PropertyValueSpecification\",\"valueRequired\":true,\"valueName\":\"search_term_string\"}}],\"inLanguage\":\"fr-FR\"},{\"@type\":\"Organization\",\"@id\":\"https:\\\/\\\/visitbraga.travel\\\/#organization\",\"name\":\"Visit Braga\",\"url\":\"https:\\\/\\\/visitbraga.travel\\\/\",\"logo\":{\"@type\":\"ImageObject\",\"inLanguage\":\"fr-FR\",\"@id\":\"https:\\\/\\\/visitbraga.travel\\\/#\\\/schema\\\/logo\\\/image\\\/\",\"url\":\"https:\\\/\\\/visitbraga.travel\\\/wp-content\\\/uploads\\\/2025\\\/05\\\/visit-braga.jpg\",\"contentUrl\":\"https:\\\/\\\/visitbraga.travel\\\/wp-content\\\/uploads\\\/2025\\\/05\\\/visit-braga.jpg\",\"width\":2400,\"height\":1256,\"caption\":\"Visit Braga\"},\"image\":{\"@id\":\"https:\\\/\\\/visitbraga.travel\\\/#\\\/schema\\\/logo\\\/image\\\/\"},\"sameAs\":[\"https:\\\/\\\/www.facebook.com\\\/visitbraga.travel\\\/\",\"https:\\\/\\\/x.com\\\/VisitBraga\"]}]}<\/script>\n<!-- \/ Yoast SEO plugin. -->","yoast_head_json":{"title":"Favoritos | Visit Braga","description":"Guarde os seus locais e experi\u00eancias favoritas em Braga para organizar melhor a sua visita com a funcionalidade de Favoritos do Visit Braga.","robots":{"index":"index","follow":"follow","max-snippet":"max-snippet:-1","max-image-preview":"max-image-preview:large","max-video-preview":"max-video-preview:-1"},"canonical":"https:\/\/visitbraga.travel\/fr\/favoritos\/","og_locale":"fr_FR","og_type":"article","og_title":"Favoritos | Visit Braga","og_description":"Guarde os seus locais e experi\u00eancias favoritas em Braga para organizar melhor a sua visita com a funcionalidade de Favoritos do Visit Braga.","og_url":"https:\/\/visitbraga.travel\/fr\/favoritos\/","og_site_name":"Visit Braga","article_publisher":"https:\/\/www.facebook.com\/visitbraga.travel\/","article_modified_time":"2025-07-24T10:04:36+00:00","og_image":[{"width":2400,"height":1256,"url":"https:\/\/visitbraga.travel\/wp-content\/uploads\/2025\/05\/visit-braga.jpg","type":"image\/jpeg"}],"twitter_card":"summary_large_image","twitter_site":"@VisitBraga","twitter_misc":{"Dur\u00e9e de lecture estim\u00e9e":"1 minute"},"schema":{"@context":"https:\/\/schema.org","@graph":[{"@type":"WebPage","@id":"https:\/\/visitbraga.travel\/favoritos\/","url":"https:\/\/visitbraga.travel\/favoritos\/","name":"Favoritos | Visit Braga","isPartOf":{"@id":"https:\/\/visitbraga.travel\/#website"},"datePublished":"2025-03-31T23:00:49+00:00","dateModified":"2025-07-24T10:04:36+00:00","description":"Guarde os seus locais e experi\u00eancias favoritas em Braga para organizar melhor a sua visita com a funcionalidade de Favoritos do Visit Braga.","inLanguage":"fr-FR","potentialAction":[{"@type":"ReadAction","target":["https:\/\/visitbraga.travel\/favoritos\/"]}]},{"@type":"WebSite","@id":"https:\/\/visitbraga.travel\/#website","url":"https:\/\/visitbraga.travel\/","name":"Visiter Braga","description":"Turismo Braga | Site Oficial de Braga","publisher":{"@id":"https:\/\/visitbraga.travel\/#organization"},"potentialAction":[{"@type":"SearchAction","target":{"@type":"EntryPoint","urlTemplate":"https:\/\/visitbraga.travel\/?s={search_term_string}"},"query-input":{"@type":"PropertyValueSpecification","valueRequired":true,"valueName":"search_term_string"}}],"inLanguage":"fr-FR"},{"@type":"Organization","@id":"https:\/\/visitbraga.travel\/#organization","name":"Visiter Braga","url":"https:\/\/visitbraga.travel\/","logo":{"@type":"ImageObject","inLanguage":"fr-FR","@id":"https:\/\/visitbraga.travel\/#\/schema\/logo\/image\/","url":"https:\/\/visitbraga.travel\/wp-content\/uploads\/2025\/05\/visit-braga.jpg","contentUrl":"https:\/\/visitbraga.travel\/wp-content\/uploads\/2025\/05\/visit-braga.jpg","width":2400,"height":1256,"caption":"Visit Braga"},"image":{"@id":"https:\/\/visitbraga.travel\/#\/schema\/logo\/image\/"},"sameAs":["https:\/\/www.facebook.com\/visitbraga.travel\/","https:\/\/x.com\/VisitBraga"]}]}},"_links":{"self":[{"href":"https:\/\/visitbraga.travel\/fr\/wp-json\/wp\/v2\/pages\/5468","targetHints":{"allow":["GET"]}}],"collection":[{"href":"https:\/\/visitbraga.travel\/fr\/wp-json\/wp\/v2\/pages"}],"about":[{"href":"https:\/\/visitbraga.travel\/fr\/wp-json\/wp\/v2\/types\/page"}],"author":[{"embeddable":true,"href":"https:\/\/visitbraga.travel\/fr\/wp-json\/wp\/v2\/users\/3"}],"replies":[{"embeddable":true,"href":"https:\/\/visitbraga.travel\/fr\/wp-json\/wp\/v2\/comments?post=5468"}],"version-history":[{"count":0,"href":"https:\/\/visitbraga.travel\/fr\/wp-json\/wp\/v2\/pages\/5468\/revisions"}],"wp:attachment":[{"href":"https:\/\/visitbraga.travel\/fr\/wp-json\/wp\/v2\/media?parent=5468"}],"curies":[{"name":"wp","href":"https:\/\/api.w.org\/{rel}","templated":true}]}}