{"id":5629,"date":"2025-04-01T00:00:39","date_gmt":"2025-03-31T23:00:39","guid":{"rendered":"https:\/\/visitbraga.travel\/?page_id=5629"},"modified":"2026-01-23T16:28:22","modified_gmt":"2026-01-23T16:28:22","slug":"braga-cidade","status":"publish","type":"page","link":"https:\/\/visitbraga.travel\/fr\/braga-cidade\/","title":{"rendered":"Ville de Braga"},"content":{"rendered":"<p>D\u00e9couvrez une ville dynamique o\u00f9 plus de 2000 ans d'histoire coexistent en parfaite harmonie avec une \u00e9nergie jeune et innovante. Des monuments majestueux, des espaces verts, des politiques et un riche patrimoine culturel font de Braga une destination incontournable.<\/p>","protected":false},"excerpt":{"rendered":"<p>Descubra uma cidade vibrante, onde mais de 2000 anos de hist\u00f3ria convivem em perfeita harmonia com uma energia jovem e inovadora. Monumentos majestosos, espa\u00e7os e pol\u00edticas de impacto&#8230;<\/p>","protected":false},"author":3,"featured_media":6330,"parent":0,"menu_order":8,"comment_status":"closed","ping_status":"closed","template":"","meta":{"_acf_changed":false,"inline_featured_image":false,"footnotes":""},"class_list":["post-5629","page","type-page","status-publish","has-post-thumbnail","hentry"],"acf":[],"yoast_head":"<!-- This site is optimized with the Yoast SEO plugin v27.3 - https:\/\/yoast.com\/product\/yoast-seo-wordpress\/ -->\n<title>Braga Cidade | Visit Braga<\/title>\n<meta name=\"description\" content=\"Descubra uma cidade vibrante, onde mais de 2000 anos de hist\u00f3ria convivem em perfeita harmonia com uma energia jovem e inovadora.\" \/>\n<meta name=\"robots\" content=\"index, follow, max-snippet:-1, max-image-preview:large, max-video-preview:-1\" \/>\n<link rel=\"canonical\" href=\"https:\/\/visitbraga.travel\/fr\/braga-cidade\/\" \/>\n<meta property=\"og:locale\" content=\"fr_FR\" \/>\n<meta property=\"og:type\" content=\"article\" \/>\n<meta property=\"og:title\" content=\"Braga Cidade | Visit Braga\" \/>\n<meta property=\"og:description\" content=\"Descubra uma cidade vibrante, onde mais de 2000 anos de hist\u00f3ria convivem em perfeita harmonia com uma energia jovem e inovadora.\" \/>\n<meta property=\"og:url\" content=\"https:\/\/visitbraga.travel\/fr\/braga-cidade\/\" \/>\n<meta property=\"og:site_name\" content=\"Visit Braga\" \/>\n<meta property=\"article:publisher\" content=\"https:\/\/www.facebook.com\/visitbraga.travel\/\" \/>\n<meta property=\"article:modified_time\" content=\"2026-01-23T16:28:22+00:00\" \/>\n<meta property=\"og:image\" content=\"https:\/\/visitbraga.travel\/wp-content\/uploads\/2025\/06\/braga-cidade_01.jpg\" \/>\n\t<meta property=\"og:image:width\" content=\"1412\" \/>\n\t<meta property=\"og:image:height\" content=\"789\" \/>\n\t<meta property=\"og:image:type\" content=\"image\/jpeg\" \/>\n<meta name=\"twitter:card\" content=\"summary_large_image\" \/>\n<meta name=\"twitter:site\" content=\"@VisitBraga\" \/>\n<meta name=\"twitter:label1\" content=\"Dur\u00e9e de lecture estim\u00e9e\" \/>\n\t<meta name=\"twitter:data1\" content=\"9 minutes\" \/>\n<script type=\"application\/ld+json\" class=\"yoast-schema-graph\">{\"@context\":\"https:\\\/\\\/schema.org\",\"@graph\":[{\"@type\":\"WebPage\",\"@id\":\"https:\\\/\\\/visitbraga.travel\\\/braga-cidade\\\/\",\"url\":\"https:\\\/\\\/visitbraga.travel\\\/braga-cidade\\\/\",\"name\":\"Braga Cidade | Visit Braga\",\"isPartOf\":{\"@id\":\"https:\\\/\\\/visitbraga.travel\\\/#website\"},\"primaryImageOfPage\":{\"@id\":\"https:\\\/\\\/visitbraga.travel\\\/braga-cidade\\\/#primaryimage\"},\"image\":{\"@id\":\"https:\\\/\\\/visitbraga.travel\\\/braga-cidade\\\/#primaryimage\"},\"thumbnailUrl\":\"https:\\\/\\\/visitbraga.travel\\\/wp-content\\\/uploads\\\/2025\\\/06\\\/braga-cidade_01.jpg\",\"datePublished\":\"2025-03-31T23:00:39+00:00\",\"dateModified\":\"2026-01-23T16:28:22+00:00\",\"description\":\"Descubra uma cidade vibrante, onde mais de 2000 anos de hist\u00f3ria convivem em perfeita harmonia com uma energia jovem e inovadora.\",\"inLanguage\":\"fr-FR\",\"potentialAction\":[{\"@type\":\"ReadAction\",\"target\":[\"https:\\\/\\\/visitbraga.travel\\\/braga-cidade\\\/\"]}]},{\"@type\":\"ImageObject\",\"inLanguage\":\"fr-FR\",\"@id\":\"https:\\\/\\\/visitbraga.travel\\\/braga-cidade\\\/#primaryimage\",\"url\":\"https:\\\/\\\/visitbraga.travel\\\/wp-content\\\/uploads\\\/2025\\\/06\\\/braga-cidade_01.jpg\",\"contentUrl\":\"https:\\\/\\\/visitbraga.travel\\\/wp-content\\\/uploads\\\/2025\\\/06\\\/braga-cidade_01.jpg\",\"width\":1412,\"height\":789},{\"@type\":\"WebSite\",\"@id\":\"https:\\\/\\\/visitbraga.travel\\\/#website\",\"url\":\"https:\\\/\\\/visitbraga.travel\\\/\",\"name\":\"Visit Braga\",\"description\":\"Turismo Braga | Site Oficial de Braga\",\"publisher\":{\"@id\":\"https:\\\/\\\/visitbraga.travel\\\/#organization\"},\"potentialAction\":[{\"@type\":\"SearchAction\",\"target\":{\"@type\":\"EntryPoint\",\"urlTemplate\":\"https:\\\/\\\/visitbraga.travel\\\/?s={search_term_string}\"},\"query-input\":{\"@type\":\"PropertyValueSpecification\",\"valueRequired\":true,\"valueName\":\"search_term_string\"}}],\"inLanguage\":\"fr-FR\"},{\"@type\":\"Organization\",\"@id\":\"https:\\\/\\\/visitbraga.travel\\\/#organization\",\"name\":\"Visit Braga\",\"url\":\"https:\\\/\\\/visitbraga.travel\\\/\",\"logo\":{\"@type\":\"ImageObject\",\"inLanguage\":\"fr-FR\",\"@id\":\"https:\\\/\\\/visitbraga.travel\\\/#\\\/schema\\\/logo\\\/image\\\/\",\"url\":\"https:\\\/\\\/visitbraga.travel\\\/wp-content\\\/uploads\\\/2025\\\/05\\\/visit-braga.jpg\",\"contentUrl\":\"https:\\\/\\\/visitbraga.travel\\\/wp-content\\\/uploads\\\/2025\\\/05\\\/visit-braga.jpg\",\"width\":2400,\"height\":1256,\"caption\":\"Visit Braga\"},\"image\":{\"@id\":\"https:\\\/\\\/visitbraga.travel\\\/#\\\/schema\\\/logo\\\/image\\\/\"},\"sameAs\":[\"https:\\\/\\\/www.facebook.com\\\/visitbraga.travel\\\/\",\"https:\\\/\\\/x.com\\\/VisitBraga\"]}]}<\/script>\n<!-- \/ Yoast SEO plugin. -->","yoast_head_json":{"title":"Braga Cidade | Visit Braga","description":"Descubra uma cidade vibrante, onde mais de 2000 anos de hist\u00f3ria convivem em perfeita harmonia com uma energia jovem e inovadora.","robots":{"index":"index","follow":"follow","max-snippet":"max-snippet:-1","max-image-preview":"max-image-preview:large","max-video-preview":"max-video-preview:-1"},"canonical":"https:\/\/visitbraga.travel\/fr\/braga-cidade\/","og_locale":"fr_FR","og_type":"article","og_title":"Braga Cidade | Visit Braga","og_description":"Descubra uma cidade vibrante, onde mais de 2000 anos de hist\u00f3ria convivem em perfeita harmonia com uma energia jovem e inovadora.","og_url":"https:\/\/visitbraga.travel\/fr\/braga-cidade\/","og_site_name":"Visit Braga","article_publisher":"https:\/\/www.facebook.com\/visitbraga.travel\/","article_modified_time":"2026-01-23T16:28:22+00:00","og_image":[{"width":1412,"height":789,"url":"https:\/\/visitbraga.travel\/wp-content\/uploads\/2025\/06\/braga-cidade_01.jpg","type":"image\/jpeg"}],"twitter_card":"summary_large_image","twitter_site":"@VisitBraga","twitter_misc":{"Dur\u00e9e de lecture estim\u00e9e":"9 minutes"},"schema":{"@context":"https:\/\/schema.org","@graph":[{"@type":"WebPage","@id":"https:\/\/visitbraga.travel\/braga-cidade\/","url":"https:\/\/visitbraga.travel\/braga-cidade\/","name":"Braga Cidade | Visit Braga","isPartOf":{"@id":"https:\/\/visitbraga.travel\/#website"},"primaryImageOfPage":{"@id":"https:\/\/visitbraga.travel\/braga-cidade\/#primaryimage"},"image":{"@id":"https:\/\/visitbraga.travel\/braga-cidade\/#primaryimage"},"thumbnailUrl":"https:\/\/visitbraga.travel\/wp-content\/uploads\/2025\/06\/braga-cidade_01.jpg","datePublished":"2025-03-31T23:00:39+00:00","dateModified":"2026-01-23T16:28:22+00:00","description":"Descubra uma cidade vibrante, onde mais de 2000 anos de hist\u00f3ria convivem em perfeita harmonia com uma energia jovem e inovadora.","inLanguage":"fr-FR","potentialAction":[{"@type":"ReadAction","target":["https:\/\/visitbraga.travel\/braga-cidade\/"]}]},{"@type":"ImageObject","inLanguage":"fr-FR","@id":"https:\/\/visitbraga.travel\/braga-cidade\/#primaryimage","url":"https:\/\/visitbraga.travel\/wp-content\/uploads\/2025\/06\/braga-cidade_01.jpg","contentUrl":"https:\/\/visitbraga.travel\/wp-content\/uploads\/2025\/06\/braga-cidade_01.jpg","width":1412,"height":789},{"@type":"WebSite","@id":"https:\/\/visitbraga.travel\/#website","url":"https:\/\/visitbraga.travel\/","name":"Visiter Braga","description":"Turismo Braga | Site Oficial de Braga","publisher":{"@id":"https:\/\/visitbraga.travel\/#organization"},"potentialAction":[{"@type":"SearchAction","target":{"@type":"EntryPoint","urlTemplate":"https:\/\/visitbraga.travel\/?s={search_term_string}"},"query-input":{"@type":"PropertyValueSpecification","valueRequired":true,"valueName":"search_term_string"}}],"inLanguage":"fr-FR"},{"@type":"Organization","@id":"https:\/\/visitbraga.travel\/#organization","name":"Visiter Braga","url":"https:\/\/visitbraga.travel\/","logo":{"@type":"ImageObject","inLanguage":"fr-FR","@id":"https:\/\/visitbraga.travel\/#\/schema\/logo\/image\/","url":"https:\/\/visitbraga.travel\/wp-content\/uploads\/2025\/05\/visit-braga.jpg","contentUrl":"https:\/\/visitbraga.travel\/wp-content\/uploads\/2025\/05\/visit-braga.jpg","width":2400,"height":1256,"caption":"Visit Braga"},"image":{"@id":"https:\/\/visitbraga.travel\/#\/schema\/logo\/image\/"},"sameAs":["https:\/\/www.facebook.com\/visitbraga.travel\/","https:\/\/x.com\/VisitBraga"]}]}},"_links":{"self":[{"href":"https:\/\/visitbraga.travel\/fr\/wp-json\/wp\/v2\/pages\/5629","targetHints":{"allow":["GET"]}}],"collection":[{"href":"https:\/\/visitbraga.travel\/fr\/wp-json\/wp\/v2\/pages"}],"about":[{"href":"https:\/\/visitbraga.travel\/fr\/wp-json\/wp\/v2\/types\/page"}],"author":[{"embeddable":true,"href":"https:\/\/visitbraga.travel\/fr\/wp-json\/wp\/v2\/users\/3"}],"replies":[{"embeddable":true,"href":"https:\/\/visitbraga.travel\/fr\/wp-json\/wp\/v2\/comments?post=5629"}],"version-history":[{"count":0,"href":"https:\/\/visitbraga.travel\/fr\/wp-json\/wp\/v2\/pages\/5629\/revisions"}],"wp:featuredmedia":[{"embeddable":true,"href":"https:\/\/visitbraga.travel\/fr\/wp-json\/wp\/v2\/media\/6330"}],"wp:attachment":[{"href":"https:\/\/visitbraga.travel\/fr\/wp-json\/wp\/v2\/media?parent=5629"}],"curies":[{"name":"wp","href":"https:\/\/api.w.org\/{rel}","templated":true}]}}