{"id":5833,"date":"2025-04-01T00:00:47","date_gmt":"2025-03-31T23:00:47","guid":{"rendered":"https:\/\/visitbraga.travel\/?page_id=5833"},"modified":"2025-07-27T16:46:52","modified_gmt":"2025-07-27T15:46:52","slug":"parceiros-turisticos","status":"publish","type":"page","link":"https:\/\/visitbraga.travel\/zh\/parceiros-turisticos\/","title":{"rendered":"\u5408\u4f5c\u4f19\u4f34"},"content":{"rendered":"<p>\u5e03\u62c9\u52a0\u65c5\u6e38\u53d1\u5c55\u54a8\u8be2\u59d4\u5458\u4f1a\u81f4\u529b\u4e8e\u53d1\u5c55\u53ef\u6301\u7eed\u7684\u4f18\u8d28\u65c5\u6e38\u4e1a\u3002<\/p>","protected":false},"excerpt":{"rendered":"<p>\u5e03\u62c9\u52a0\u65c5\u6e38\u53d1\u5c55\u54a8\u8be2\u59d4\u5458\u4f1a\u81f4\u529b\u4e8e\u53d1\u5c55\u53ef\u6301\u7eed\u7684\u4f18\u8d28\u65c5\u6e38\u4e1a\u3002<\/p>","protected":false},"author":3,"featured_media":0,"parent":0,"menu_order":14,"comment_status":"closed","ping_status":"closed","template":"","meta":{"_acf_changed":false,"inline_featured_image":false,"footnotes":""},"class_list":["post-5833","page","type-page","status-publish","hentry"],"acf":[],"yoast_head":"<!-- This site is optimized with the Yoast SEO plugin v27.4 - https:\/\/yoast.com\/product\/yoast-seo-wordpress\/ -->\n<title>Parceiros | Visit Braga<\/title>\n<meta name=\"description\" content=\"O Conselho Consultivo de Desenvolvimento Tur\u00edstico de Braga \u00e9 um compromisso com um turismo sustent\u00e1vel e qualificado.\" \/>\n<meta name=\"robots\" content=\"index, follow, max-snippet:-1, max-image-preview:large, max-video-preview:-1\" \/>\n<link rel=\"canonical\" href=\"https:\/\/visitbraga.travel\/zh\/parceiros-turisticos\/\" \/>\n<meta property=\"og:locale\" content=\"zh_CN\" \/>\n<meta property=\"og:type\" content=\"article\" \/>\n<meta property=\"og:title\" content=\"Parceiros | Visit Braga\" \/>\n<meta property=\"og:description\" content=\"O Conselho Consultivo de Desenvolvimento Tur\u00edstico de Braga \u00e9 um compromisso com um turismo sustent\u00e1vel e qualificado.\" \/>\n<meta property=\"og:url\" content=\"https:\/\/visitbraga.travel\/zh\/parceiros-turisticos\/\" \/>\n<meta property=\"og:site_name\" content=\"Visit Braga\" \/>\n<meta property=\"article:publisher\" content=\"https:\/\/www.facebook.com\/visitbraga.travel\/\" \/>\n<meta property=\"article:modified_time\" content=\"2025-07-27T15:46:52+00:00\" \/>\n<meta property=\"og:image\" content=\"https:\/\/visitbraga.travel\/wp-content\/uploads\/2025\/05\/visit-braga.jpg\" \/>\n\t<meta property=\"og:image:width\" content=\"2400\" \/>\n\t<meta property=\"og:image:height\" content=\"1256\" \/>\n\t<meta property=\"og:image:type\" content=\"image\/jpeg\" \/>\n<meta name=\"twitter:card\" content=\"summary_large_image\" \/>\n<meta name=\"twitter:site\" content=\"@VisitBraga\" \/>\n<meta name=\"twitter:label1\" content=\"\u9884\u8ba1\u9605\u8bfb\u65f6\u95f4\" \/>\n\t<meta name=\"twitter:data1\" content=\"3 \u5206\" \/>\n<script type=\"application\/ld+json\" class=\"yoast-schema-graph\">{\"@context\":\"https:\\\/\\\/schema.org\",\"@graph\":[{\"@type\":\"WebPage\",\"@id\":\"https:\\\/\\\/visitbraga.travel\\\/parceiros-turisticos\\\/\",\"url\":\"https:\\\/\\\/visitbraga.travel\\\/parceiros-turisticos\\\/\",\"name\":\"Parceiros | Visit Braga\",\"isPartOf\":{\"@id\":\"https:\\\/\\\/visitbraga.travel\\\/#website\"},\"datePublished\":\"2025-03-31T23:00:47+00:00\",\"dateModified\":\"2025-07-27T15:46:52+00:00\",\"description\":\"O Conselho Consultivo de Desenvolvimento Tur\u00edstico de Braga \u00e9 um compromisso com um turismo sustent\u00e1vel e qualificado.\",\"inLanguage\":\"zh-Hans\",\"potentialAction\":[{\"@type\":\"ReadAction\",\"target\":[\"https:\\\/\\\/visitbraga.travel\\\/parceiros-turisticos\\\/\"]}]},{\"@type\":\"WebSite\",\"@id\":\"https:\\\/\\\/visitbraga.travel\\\/#website\",\"url\":\"https:\\\/\\\/visitbraga.travel\\\/\",\"name\":\"Visit Braga\",\"description\":\"Turismo Braga | Site Oficial de Braga\",\"publisher\":{\"@id\":\"https:\\\/\\\/visitbraga.travel\\\/#organization\"},\"potentialAction\":[{\"@type\":\"SearchAction\",\"target\":{\"@type\":\"EntryPoint\",\"urlTemplate\":\"https:\\\/\\\/visitbraga.travel\\\/?s={search_term_string}\"},\"query-input\":{\"@type\":\"PropertyValueSpecification\",\"valueRequired\":true,\"valueName\":\"search_term_string\"}}],\"inLanguage\":\"zh-Hans\"},{\"@type\":\"Organization\",\"@id\":\"https:\\\/\\\/visitbraga.travel\\\/#organization\",\"name\":\"Visit Braga\",\"url\":\"https:\\\/\\\/visitbraga.travel\\\/\",\"logo\":{\"@type\":\"ImageObject\",\"inLanguage\":\"zh-Hans\",\"@id\":\"https:\\\/\\\/visitbraga.travel\\\/#\\\/schema\\\/logo\\\/image\\\/\",\"url\":\"https:\\\/\\\/visitbraga.travel\\\/wp-content\\\/uploads\\\/2025\\\/05\\\/visit-braga.jpg\",\"contentUrl\":\"https:\\\/\\\/visitbraga.travel\\\/wp-content\\\/uploads\\\/2025\\\/05\\\/visit-braga.jpg\",\"width\":2400,\"height\":1256,\"caption\":\"Visit Braga\"},\"image\":{\"@id\":\"https:\\\/\\\/visitbraga.travel\\\/#\\\/schema\\\/logo\\\/image\\\/\"},\"sameAs\":[\"https:\\\/\\\/www.facebook.com\\\/visitbraga.travel\\\/\",\"https:\\\/\\\/x.com\\\/VisitBraga\"]}]}<\/script>\n<!-- \/ Yoast SEO plugin. -->","yoast_head_json":{"title":"Parceiros | Visit Braga","description":"\u5e03\u62c9\u52a0\u65c5\u6e38\u53d1\u5c55\u54a8\u8be2\u59d4\u5458\u4f1a\u81f4\u529b\u4e8e\u53d1\u5c55\u53ef\u6301\u7eed\u7684\u4f18\u8d28\u65c5\u6e38\u4e1a\u3002","robots":{"index":"index","follow":"follow","max-snippet":"max-snippet:-1","max-image-preview":"max-image-preview:large","max-video-preview":"max-video-preview:-1"},"canonical":"https:\/\/visitbraga.travel\/zh\/parceiros-turisticos\/","og_locale":"zh_CN","og_type":"article","og_title":"Parceiros | Visit Braga","og_description":"O Conselho Consultivo de Desenvolvimento Tur\u00edstico de Braga \u00e9 um compromisso com um turismo sustent\u00e1vel e qualificado.","og_url":"https:\/\/visitbraga.travel\/zh\/parceiros-turisticos\/","og_site_name":"Visit Braga","article_publisher":"https:\/\/www.facebook.com\/visitbraga.travel\/","article_modified_time":"2025-07-27T15:46:52+00:00","og_image":[{"width":2400,"height":1256,"url":"https:\/\/visitbraga.travel\/wp-content\/uploads\/2025\/05\/visit-braga.jpg","type":"image\/jpeg"}],"twitter_card":"summary_large_image","twitter_site":"@VisitBraga","twitter_misc":{"\u9884\u8ba1\u9605\u8bfb\u65f6\u95f4":"3 \u5206"},"schema":{"@context":"https:\/\/schema.org","@graph":[{"@type":"WebPage","@id":"https:\/\/visitbraga.travel\/parceiros-turisticos\/","url":"https:\/\/visitbraga.travel\/parceiros-turisticos\/","name":"Parceiros | Visit Braga","isPartOf":{"@id":"https:\/\/visitbraga.travel\/#website"},"datePublished":"2025-03-31T23:00:47+00:00","dateModified":"2025-07-27T15:46:52+00:00","description":"\u5e03\u62c9\u52a0\u65c5\u6e38\u53d1\u5c55\u54a8\u8be2\u59d4\u5458\u4f1a\u81f4\u529b\u4e8e\u53d1\u5c55\u53ef\u6301\u7eed\u7684\u4f18\u8d28\u65c5\u6e38\u4e1a\u3002","inLanguage":"zh-Hans","potentialAction":[{"@type":"ReadAction","target":["https:\/\/visitbraga.travel\/parceiros-turisticos\/"]}]},{"@type":"WebSite","@id":"https:\/\/visitbraga.travel\/#website","url":"https:\/\/visitbraga.travel\/","name":"\u6e38\u89c8\u5e03\u62c9\u52a0","description":"Turismo Braga | Site Oficial de Braga","publisher":{"@id":"https:\/\/visitbraga.travel\/#organization"},"potentialAction":[{"@type":"SearchAction","target":{"@type":"EntryPoint","urlTemplate":"https:\/\/visitbraga.travel\/?s={search_term_string}"},"query-input":{"@type":"PropertyValueSpecification","valueRequired":true,"valueName":"search_term_string"}}],"inLanguage":"zh-Hans"},{"@type":"Organization","@id":"https:\/\/visitbraga.travel\/#organization","name":"\u6e38\u89c8\u5e03\u62c9\u52a0","url":"https:\/\/visitbraga.travel\/","logo":{"@type":"ImageObject","inLanguage":"zh-Hans","@id":"https:\/\/visitbraga.travel\/#\/schema\/logo\/image\/","url":"https:\/\/visitbraga.travel\/wp-content\/uploads\/2025\/05\/visit-braga.jpg","contentUrl":"https:\/\/visitbraga.travel\/wp-content\/uploads\/2025\/05\/visit-braga.jpg","width":2400,"height":1256,"caption":"Visit Braga"},"image":{"@id":"https:\/\/visitbraga.travel\/#\/schema\/logo\/image\/"},"sameAs":["https:\/\/www.facebook.com\/visitbraga.travel\/","https:\/\/x.com\/VisitBraga"]}]}},"_links":{"self":[{"href":"https:\/\/visitbraga.travel\/zh\/wp-json\/wp\/v2\/pages\/5833","targetHints":{"allow":["GET"]}}],"collection":[{"href":"https:\/\/visitbraga.travel\/zh\/wp-json\/wp\/v2\/pages"}],"about":[{"href":"https:\/\/visitbraga.travel\/zh\/wp-json\/wp\/v2\/types\/page"}],"author":[{"embeddable":true,"href":"https:\/\/visitbraga.travel\/zh\/wp-json\/wp\/v2\/users\/3"}],"replies":[{"embeddable":true,"href":"https:\/\/visitbraga.travel\/zh\/wp-json\/wp\/v2\/comments?post=5833"}],"version-history":[{"count":0,"href":"https:\/\/visitbraga.travel\/zh\/wp-json\/wp\/v2\/pages\/5833\/revisions"}],"wp:attachment":[{"href":"https:\/\/visitbraga.travel\/zh\/wp-json\/wp\/v2\/media?parent=5833"}],"curies":[{"name":"wp","href":"https:\/\/api.w.org\/{rel}","templated":true}]}}